{"id":294,"date":"2025-01-11T17:57:06","date_gmt":"2025-01-11T17:57:06","guid":{"rendered":"https:\/\/cafeteriaelyireh.com\/?post_type=product&#038;p=294"},"modified":"2025-01-11T17:57:24","modified_gmt":"2025-01-11T17:57:24","slug":"cafe-con-leche-dolce-gusto-nescafe","status":"publish","type":"product","link":"https:\/\/cafeteriaelyireh.com\/index.php\/producto\/cafe-con-leche-dolce-gusto-nescafe\/","title":{"rendered":"Caf\u00e9 con leche (Dolce Gusto Nescaf\u00e9)"},"content":{"rendered":"<p>Prueba el delicioso saber de NESCAF\u00c9 en capsulas Dolce Gusto.<\/p>\n<p>Sabor \u00fanico<\/p>\n","protected":false},"excerpt":{"rendered":"<p>Prueba el delicioso saber de NESCAF\u00c9 en capsulas Dolce Gusto. Sabor \u00fanico<\/p>\n","protected":false},"featured_media":295,"comment_status":"open","ping_status":"closed","template":"","meta":[],"product_brand":[],"product_cat":[28],"product_tag":[],"class_list":{"0":"post-294","1":"product","2":"type-product","3":"status-publish","4":"has-post-thumbnail","6":"product_cat-cafeteria","8":"first","9":"instock","10":"taxable","11":"shipping-taxable","12":"purchasable","13":"product-type-simple"},"_links":{"self":[{"href":"https:\/\/cafeteriaelyireh.com\/index.php\/wp-json\/wp\/v2\/product\/294","targetHints":{"allow":["GET"]}}],"collection":[{"href":"https:\/\/cafeteriaelyireh.com\/index.php\/wp-json\/wp\/v2\/product"}],"about":[{"href":"https:\/\/cafeteriaelyireh.com\/index.php\/wp-json\/wp\/v2\/types\/product"}],"replies":[{"embeddable":true,"href":"https:\/\/cafeteriaelyireh.com\/index.php\/wp-json\/wp\/v2\/comments?post=294"}],"wp:featuredmedia":[{"embeddable":true,"href":"https:\/\/cafeteriaelyireh.com\/index.php\/wp-json\/wp\/v2\/media\/295"}],"wp:attachment":[{"href":"https:\/\/cafeteriaelyireh.com\/index.php\/wp-json\/wp\/v2\/media?parent=294"}],"wp:term":[{"taxonomy":"product_brand","embeddable":true,"href":"https:\/\/cafeteriaelyireh.com\/index.php\/wp-json\/wp\/v2\/product_brand?post=294"},{"taxonomy":"product_cat","embeddable":true,"href":"https:\/\/cafeteriaelyireh.com\/index.php\/wp-json\/wp\/v2\/product_cat?post=294"},{"taxonomy":"product_tag","embeddable":true,"href":"https:\/\/cafeteriaelyireh.com\/index.php\/wp-json\/wp\/v2\/product_tag?post=294"}],"curies":[{"name":"wp","href":"https:\/\/api.w.org\/{rel}","templated":true}]}}