{"id":28,"date":"2024-10-29T17:22:43","date_gmt":"2024-10-29T17:22:43","guid":{"rendered":"https:\/\/cafeteriaelyireh.com\/index.php\/carrito\/"},"modified":"2024-10-29T19:43:37","modified_gmt":"2024-10-29T19:43:37","slug":"carrito","status":"publish","type":"page","link":"https:\/\/cafeteriaelyireh.com\/index.php\/carrito\/","title":{"rendered":"Mi Pedido"},"content":{"rendered":"<div data-block-name=\"woocommerce\/cart\" class=\"wp-block-woocommerce-cart alignwide is-loading\"><div data-block-name=\"woocommerce\/filled-cart-block\" class=\"wp-block-woocommerce-filled-cart-block\"><div data-block-name=\"woocommerce\/cart-items-block\" class=\"wp-block-woocommerce-cart-items-block\"><div data-block-name=\"woocommerce\/cart-line-items-block\" class=\"wp-block-woocommerce-cart-line-items-block\"><\/div>\n\n<div data-block-name=\"woocommerce\/cart-cross-sells-block\" class=\"wp-block-woocommerce-cart-cross-sells-block\"><h2 class=\"wp-block-heading has-large-font-size\">Puede que te interese\u2026<\/h2>\n\n<div data-block-name=\"woocommerce\/cart-cross-sells-products-block\" class=\"wp-block-woocommerce-cart-cross-sells-products-block\"><\/div><\/div><\/div>\n\n<div data-block-name=\"woocommerce\/cart-totals-block\" class=\"wp-block-woocommerce-cart-totals-block\"><div data-block-name=\"woocommerce\/cart-order-summary-block\" class=\"wp-block-woocommerce-cart-order-summary-block\"><div data-block-name=\"woocommerce\/cart-order-summary-heading-block\" class=\"wp-block-woocommerce-cart-order-summary-heading-block\"><\/div><div data-block-name=\"woocommerce\/cart-order-summary-coupon-form-block\" class=\"wp-block-woocommerce-cart-order-summary-coupon-form-block\"><\/div><div data-block-name=\"woocommerce\/cart-order-summary-totals-block\" class=\"wp-block-woocommerce-cart-order-summary-totals-block\">\n<div data-block-name=\"woocommerce\/cart-order-summary-subtotal-block\" class=\"wp-block-woocommerce-cart-order-summary-subtotal-block\"><\/div>\n<div data-block-name=\"woocommerce\/cart-order-summary-discount-block\" class=\"wp-block-woocommerce-cart-order-summary-discount-block\"><\/div>\n<div data-block-name=\"woocommerce\/cart-order-summary-fee-block\" class=\"wp-block-woocommerce-cart-order-summary-fee-block\"><\/div>\n<div data-block-name=\"woocommerce\/cart-order-summary-shipping-block\" class=\"wp-block-woocommerce-cart-order-summary-shipping-block\"><\/div>\n<div data-block-name=\"woocommerce\/cart-order-summary-taxes-block\" class=\"wp-block-woocommerce-cart-order-summary-taxes-block\"><\/div><\/div><\/div>\n\n<div data-block-name=\"woocommerce\/cart-express-payment-block\" class=\"wp-block-woocommerce-cart-express-payment-block\"><\/div>\n\n<div data-block-name=\"woocommerce\/proceed-to-checkout-block\" class=\"wp-block-woocommerce-proceed-to-checkout-block\"><\/div>\n\n<div data-block-name=\"woocommerce\/cart-accepted-payment-methods-block\" class=\"wp-block-woocommerce-cart-accepted-payment-methods-block\"><\/div><\/div><\/div>\n\n<div data-block-name=\"woocommerce\/empty-cart-block\" class=\"wp-block-woocommerce-empty-cart-block\"><h2 class=\"wp-block-heading has-text-align-center with-empty-cart-icon wc-block-cart__empty-cart__title\">\u00a1Tu carrito est\u00e1 actualmente vac\u00edo!<\/h2>\n\n<hr class=\"wp-block-separator has-alpha-channel-opacity is-style-dots\"\/>\n\n<h2 class=\"wp-block-heading has-text-align-center\">Nuevo en la tienda<\/h2>\n\n<div data-block-name=\"woocommerce\/product-new\" data-columns=\"4\" data-rows=\"1\" class=\"wc-block-grid wp-block-product-new wp-block-woocommerce-product-new wc-block-product-new has-4-columns\"><ul class=\"wc-block-grid__products\"><li class=\"wc-block-grid__product\">\n\t\t\t\t<a href=\"https:\/\/cafeteriaelyireh.com\/index.php\/producto\/cafe-moka\/\" class=\"wc-block-grid__product-link\">\n\t\t\t\t\t\n\t\t\t\t\t<div class=\"wc-block-grid__product-image\"><img loading=\"lazy\" decoding=\"async\" width=\"300\" height=\"300\" src=\"https:\/\/cafeteriaelyireh.com\/wp-content\/uploads\/2025\/01\/CAFMOK-300x300.jpg\" class=\"attachment-woocommerce_thumbnail size-woocommerce_thumbnail\" alt=\"Caf\u00e9 Moka\" srcset=\"https:\/\/cafeteriaelyireh.com\/wp-content\/uploads\/2025\/01\/CAFMOK-300x300.jpg 300w, https:\/\/cafeteriaelyireh.com\/wp-content\/uploads\/2025\/01\/CAFMOK-100x100.jpg 100w, https:\/\/cafeteriaelyireh.com\/wp-content\/uploads\/2025\/01\/CAFMOK-150x150.jpg 150w\" sizes=\"auto, (max-width: 300px) 100vw, 300px\" \/><\/div>\n\t\t\t\t\t<div class=\"wc-block-grid__product-title\">Caf\u00e9 Moka<\/div>\n\t\t\t\t<\/a>\n\t\t\t\t<div class=\"wc-block-grid__product-price price\"><span class=\"woocommerce-Price-amount amount\"><span class=\"woocommerce-Price-currencySymbol\">&#036;<\/span>25.00<\/span><\/div>\n\t\t\t\t\n\t\t\t\t<div class=\"wp-block-button wc-block-grid__product-add-to-cart\"><a href=\"?add-to-cart=296\" aria-label=\"A\u00f1adir al carrito: &ldquo;Caf\u00e9 Moka&rdquo;\" data-quantity=\"1\" data-product_id=\"296\" data-product_sku=\"\" data-price=\"25\" rel=\"nofollow\" class=\"wp-block-button__link wp-element-button add_to_cart_button ajax_add_to_cart\">A\u00f1adir al carrito<\/a><\/div>\n\t\t\t<\/li><li class=\"wc-block-grid__product\">\n\t\t\t\t<a href=\"https:\/\/cafeteriaelyireh.com\/index.php\/producto\/cafe-con-leche-dolce-gusto-nescafe\/\" class=\"wc-block-grid__product-link\">\n\t\t\t\t\t\n\t\t\t\t\t<div class=\"wc-block-grid__product-image\"><img loading=\"lazy\" decoding=\"async\" width=\"300\" height=\"300\" src=\"https:\/\/cafeteriaelyireh.com\/wp-content\/uploads\/2025\/01\/CAFLECH-300x300.jpg\" class=\"attachment-woocommerce_thumbnail size-woocommerce_thumbnail\" alt=\"Caf\u00e9 con leche (Dolce Gusto Nescaf\u00e9)\" srcset=\"https:\/\/cafeteriaelyireh.com\/wp-content\/uploads\/2025\/01\/CAFLECH-300x300.jpg 300w, https:\/\/cafeteriaelyireh.com\/wp-content\/uploads\/2025\/01\/CAFLECH-100x100.jpg 100w, https:\/\/cafeteriaelyireh.com\/wp-content\/uploads\/2025\/01\/CAFLECH-600x600.jpg 600w, https:\/\/cafeteriaelyireh.com\/wp-content\/uploads\/2025\/01\/CAFLECH-150x150.jpg 150w, https:\/\/cafeteriaelyireh.com\/wp-content\/uploads\/2025\/01\/CAFLECH-768x768.jpg 768w, https:\/\/cafeteriaelyireh.com\/wp-content\/uploads\/2025\/01\/CAFLECH.jpg 1000w\" sizes=\"auto, (max-width: 300px) 100vw, 300px\" \/><\/div>\n\t\t\t\t\t<div class=\"wc-block-grid__product-title\">Caf\u00e9 con leche (Dolce Gusto Nescaf\u00e9)<\/div>\n\t\t\t\t<\/a>\n\t\t\t\t<div class=\"wc-block-grid__product-price price\"><span class=\"woocommerce-Price-amount amount\"><span class=\"woocommerce-Price-currencySymbol\">&#036;<\/span>30.00<\/span><\/div>\n\t\t\t\t\n\t\t\t\t<div class=\"wp-block-button wc-block-grid__product-add-to-cart\"><a href=\"?add-to-cart=294\" aria-label=\"A\u00f1adir al carrito: &ldquo;Caf\u00e9 con leche (Dolce Gusto Nescaf\u00e9)&rdquo;\" data-quantity=\"1\" data-product_id=\"294\" data-product_sku=\"\" data-price=\"30\" rel=\"nofollow\" class=\"wp-block-button__link wp-element-button add_to_cart_button ajax_add_to_cart\">A\u00f1adir al carrito<\/a><\/div>\n\t\t\t<\/li><li class=\"wc-block-grid__product\">\n\t\t\t\t<a href=\"https:\/\/cafeteriaelyireh.com\/index.php\/producto\/cafe-americano\/\" class=\"wc-block-grid__product-link\">\n\t\t\t\t\t\n\t\t\t\t\t<div class=\"wc-block-grid__product-image\"><img loading=\"lazy\" decoding=\"async\" width=\"300\" height=\"300\" src=\"https:\/\/cafeteriaelyireh.com\/wp-content\/uploads\/2025\/01\/CAFSOL-300x300.webp\" class=\"attachment-woocommerce_thumbnail size-woocommerce_thumbnail\" alt=\"Caf\u00e9 Americano\" srcset=\"https:\/\/cafeteriaelyireh.com\/wp-content\/uploads\/2025\/01\/CAFSOL-300x300.webp 300w, https:\/\/cafeteriaelyireh.com\/wp-content\/uploads\/2025\/01\/CAFSOL-100x100.webp 100w, https:\/\/cafeteriaelyireh.com\/wp-content\/uploads\/2025\/01\/CAFSOL-600x600.webp 600w, https:\/\/cafeteriaelyireh.com\/wp-content\/uploads\/2025\/01\/CAFSOL-1024x1024.webp 1024w, https:\/\/cafeteriaelyireh.com\/wp-content\/uploads\/2025\/01\/CAFSOL-150x150.webp 150w, https:\/\/cafeteriaelyireh.com\/wp-content\/uploads\/2025\/01\/CAFSOL-768x768.webp 768w, https:\/\/cafeteriaelyireh.com\/wp-content\/uploads\/2025\/01\/CAFSOL-1536x1536.webp 1536w, https:\/\/cafeteriaelyireh.com\/wp-content\/uploads\/2025\/01\/CAFSOL.webp 1946w\" sizes=\"auto, (max-width: 300px) 100vw, 300px\" \/><\/div>\n\t\t\t\t\t<div class=\"wc-block-grid__product-title\">Caf\u00e9 Americano<\/div>\n\t\t\t\t<\/a>\n\t\t\t\t<div class=\"wc-block-grid__product-price price\"><span class=\"woocommerce-Price-amount amount\"><span class=\"woocommerce-Price-currencySymbol\">&#036;<\/span>15.00<\/span><\/div>\n\t\t\t\t\n\t\t\t\t<div class=\"wp-block-button wc-block-grid__product-add-to-cart\"><a href=\"?add-to-cart=292\" aria-label=\"A\u00f1adir al carrito: &ldquo;Caf\u00e9 Americano&rdquo;\" data-quantity=\"1\" data-product_id=\"292\" data-product_sku=\"\" data-price=\"15\" rel=\"nofollow\" class=\"wp-block-button__link wp-element-button add_to_cart_button ajax_add_to_cart\">A\u00f1adir al carrito<\/a><\/div>\n\t\t\t<\/li><li class=\"wc-block-grid__product\">\n\t\t\t\t<a href=\"https:\/\/cafeteriaelyireh.com\/index.php\/producto\/coca-cola-600ml\/\" class=\"wc-block-grid__product-link\">\n\t\t\t\t\t\n\t\t\t\t\t<div class=\"wc-block-grid__product-image\"><img loading=\"lazy\" decoding=\"async\" width=\"300\" height=\"300\" src=\"https:\/\/cafeteriaelyireh.com\/wp-content\/uploads\/2025\/01\/75007614-300x300.jpg\" class=\"attachment-woocommerce_thumbnail size-woocommerce_thumbnail\" alt=\"Coca Cola 600ml\" srcset=\"https:\/\/cafeteriaelyireh.com\/wp-content\/uploads\/2025\/01\/75007614-300x300.jpg 300w, https:\/\/cafeteriaelyireh.com\/wp-content\/uploads\/2025\/01\/75007614-100x100.jpg 100w, https:\/\/cafeteriaelyireh.com\/wp-content\/uploads\/2025\/01\/75007614-150x150.jpg 150w\" sizes=\"auto, (max-width: 300px) 100vw, 300px\" \/><\/div>\n\t\t\t\t\t<div class=\"wc-block-grid__product-title\">Coca Cola 600ml<\/div>\n\t\t\t\t<\/a>\n\t\t\t\t<div class=\"wc-block-grid__product-price price\"><span class=\"woocommerce-Price-amount amount\"><span class=\"woocommerce-Price-currencySymbol\">&#036;<\/span>22.00<\/span><\/div>\n\t\t\t\t\n\t\t\t\t<div class=\"wp-block-button wc-block-grid__product-add-to-cart\"><a href=\"?add-to-cart=290\" aria-label=\"A\u00f1adir al carrito: &ldquo;Coca Cola 600ml&rdquo;\" data-quantity=\"1\" data-product_id=\"290\" data-product_sku=\"\" data-price=\"22\" rel=\"nofollow\" class=\"wp-block-button__link wp-element-button add_to_cart_button ajax_add_to_cart\">A\u00f1adir al carrito<\/a><\/div>\n\t\t\t<\/li><\/ul><\/div><\/div><\/div>","protected":false},"excerpt":{"rendered":"","protected":false},"author":1,"featured_media":0,"parent":0,"menu_order":0,"comment_status":"closed","ping_status":"closed","template":"","meta":{"footnotes":""},"class_list":["post-28","page","type-page","status-publish","hentry"],"_links":{"self":[{"href":"https:\/\/cafeteriaelyireh.com\/index.php\/wp-json\/wp\/v2\/pages\/28","targetHints":{"allow":["GET"]}}],"collection":[{"href":"https:\/\/cafeteriaelyireh.com\/index.php\/wp-json\/wp\/v2\/pages"}],"about":[{"href":"https:\/\/cafeteriaelyireh.com\/index.php\/wp-json\/wp\/v2\/types\/page"}],"author":[{"embeddable":true,"href":"https:\/\/cafeteriaelyireh.com\/index.php\/wp-json\/wp\/v2\/users\/1"}],"replies":[{"embeddable":true,"href":"https:\/\/cafeteriaelyireh.com\/index.php\/wp-json\/wp\/v2\/comments?post=28"}],"version-history":[{"count":2,"href":"https:\/\/cafeteriaelyireh.com\/index.php\/wp-json\/wp\/v2\/pages\/28\/revisions"}],"predecessor-version":[{"id":94,"href":"https:\/\/cafeteriaelyireh.com\/index.php\/wp-json\/wp\/v2\/pages\/28\/revisions\/94"}],"wp:attachment":[{"href":"https:\/\/cafeteriaelyireh.com\/index.php\/wp-json\/wp\/v2\/media?parent=28"}],"curies":[{"name":"wp","href":"https:\/\/api.w.org\/{rel}","templated":true}]}}